{"id":3330,"date":"2021-05-06T11:34:24","date_gmt":"2021-05-06T11:34:24","guid":{"rendered":"https:\/\/electro80.jenieuwewebsite.be\/over-ons\/"},"modified":"2022-03-07T14:38:41","modified_gmt":"2022-03-07T14:38:41","slug":"a-propos-de-nous","status":"publish","type":"page","link":"https:\/\/www.electro80.be\/fr\/a-propos-de-nous\/","title":{"rendered":"\u00c0 propos de nous"},"content":{"rendered":"\t\t<div data-elementor-type=\"wp-page\" data-elementor-id=\"3330\" class=\"elementor elementor-3330 elementor-1645\" data-elementor-post-type=\"page\">\n\t\t\t\t\t\t<section class=\"elementor-section elementor-top-section elementor-element elementor-element-27baacf6 elementor-section-full_width elementor-section-height-default elementor-section-height-default\" data-id=\"27baacf6\" data-element_type=\"section\" data-e-type=\"section\">\n\t\t\t\t\t\t<div class=\"elementor-container elementor-column-gap-default\">\n\t\t\t\t\t<div class=\"elementor-column elementor-col-100 elementor-top-column elementor-element elementor-element-1bb2e797 block__text\" data-id=\"1bb2e797\" data-element_type=\"column\" data-e-type=\"column\" data-settings=\"{&quot;background_background&quot;:&quot;classic&quot;}\">\n\t\t\t<div class=\"elementor-widget-wrap elementor-element-populated\">\n\t\t\t\t\t\t<section class=\"elementor-section elementor-inner-section elementor-element elementor-element-3d20c35 elementor-section-boxed elementor-section-height-default elementor-section-height-default\" data-id=\"3d20c35\" data-element_type=\"section\" data-e-type=\"section\">\n\t\t\t\t\t\t<div class=\"elementor-container elementor-column-gap-default\">\n\t\t\t\t\t<div class=\"elementor-column elementor-col-66 elementor-inner-column elementor-element elementor-element-a83a0b9\" data-id=\"a83a0b9\" data-element_type=\"column\" data-e-type=\"column\">\n\t\t\t<div class=\"elementor-widget-wrap elementor-element-populated\">\n\t\t\t\t\t\t<div class=\"elementor-element elementor-element-aec5740 elementor-widget elementor-widget-text-editor\" data-id=\"aec5740\" data-element_type=\"widget\" data-e-type=\"widget\" data-widget_type=\"text-editor.default\">\n\t\t\t\t<div class=\"elementor-widget-container\">\n\t\t\t\t\t\t\t\t\t\u00c0 PROPOS DE NOUS\n<h1><span style=\"color: #ffffff;\">La r\u00e9f\u00e9rence pour les installations \u00e9lectriques <\/span><\/h1>\nDepuis plus de 40 ans d\u00e9j\u00e0, notre entreprise familiale est synonyme d&rsquo;<b>installations \u00e9lectriques <\/b>durables et<b> de qualit\u00e9<\/b>. Ensemble, nous recherchons la meilleure solution au regard de votre situation. Notre point de d\u00e9part\u00a0? Votre besoin. Le r\u00e9sultat final\u00a0? Une <b>solution sur mesure<\/b>, enti\u00e8rement adapt\u00e9e \u00e0 votre b\u00e2timent ou \u00e0 votre entreprise.\nEn final ? Apr\u00e8s chaque r\u00e9alisation, nous restons votre <b>point de contact <\/b>pour l&rsquo;entretien p\u00e9riodique et les interventions urgentes\u00a0!\t\t\t\t\t\t\t\t<\/div>\n\t\t\t\t<\/div>\n\t\t\t\t\t<\/div>\n\t\t<\/div>\n\t\t\t\t<div class=\"elementor-column elementor-col-33 elementor-inner-column elementor-element elementor-element-0405912\" data-id=\"0405912\" data-element_type=\"column\" data-e-type=\"column\">\n\t\t\t<div class=\"elementor-widget-wrap\">\n\t\t\t\t\t\t\t<\/div>\n\t\t<\/div>\n\t\t\t\t\t<\/div>\n\t\t<\/section>\n\t\t\t\t\t<\/div>\n\t\t<\/div>\n\t\t\t\t\t<\/div>\n\t\t<\/section>\n\t\t\t\t<section class=\"elementor-section elementor-top-section elementor-element elementor-element-7e65a57 block__products elementor-section-boxed elementor-section-height-default elementor-section-height-default\" data-id=\"7e65a57\" data-element_type=\"section\" data-e-type=\"section\">\n\t\t\t\t\t\t<div class=\"elementor-container elementor-column-gap-default\">\n\t\t\t\t\t<div class=\"elementor-column elementor-col-50 elementor-top-column elementor-element elementor-element-4ac756f block__productbox\" data-id=\"4ac756f\" data-element_type=\"column\" data-e-type=\"column\" data-settings=\"{&quot;background_background&quot;:&quot;classic&quot;}\">\n\t\t\t<div class=\"elementor-widget-wrap elementor-element-populated\">\n\t\t\t\t\t\t<div class=\"elementor-element elementor-element-de4be51 elementor-position-top elementor-widget elementor-widget-image-box\" data-id=\"de4be51\" data-element_type=\"widget\" data-e-type=\"widget\" data-widget_type=\"image-box.default\">\n\t\t\t\t<div class=\"elementor-widget-container\">\n\t\t\t\t\t<div class=\"elementor-image-box-wrapper\"><figure class=\"elementor-image-box-img\"><a href=\"\/fr\/a-propos-de-nous\/nos-valeurs\/\" tabindex=\"-1\"><img decoding=\"async\" width=\"139\" height=\"139\" src=\"https:\/\/www.electro80.be\/wp-content\/uploads\/2021\/05\/18.png\" class=\"attachment-full size-full wp-image-2193\" alt=\"Helm met Electro 80 op\" \/><\/a><\/figure><div class=\"elementor-image-box-content\"><h2 class=\"elementor-image-box-title\"><a href=\"\/fr\/a-propos-de-nous\/nos-valeurs\/\">Nos valeurs<\/a><\/h2><p class=\"elementor-image-box-description\">Electro 80 est anim\u00e9 par des valeurs fortes, qui se refl\u00e8tent dans chaque projet. Donner de l'\u00e9nergie \u00e0 votre entreprise... telle est notre mission ! <\/p><\/div><\/div>\t\t\t\t<\/div>\n\t\t\t\t<\/div>\n\t\t\t\t\t<\/div>\n\t\t<\/div>\n\t\t\t\t<div class=\"elementor-column elementor-col-50 elementor-top-column elementor-element elementor-element-768a3f2 block__productbox\" data-id=\"768a3f2\" data-element_type=\"column\" data-e-type=\"column\" data-settings=\"{&quot;background_background&quot;:&quot;classic&quot;}\">\n\t\t\t<div class=\"elementor-widget-wrap elementor-element-populated\">\n\t\t\t\t\t\t<div class=\"elementor-element elementor-element-4fd33b5 elementor-position-top elementor-widget elementor-widget-image-box\" data-id=\"4fd33b5\" data-element_type=\"widget\" data-e-type=\"widget\" data-widget_type=\"image-box.default\">\n\t\t\t\t<div class=\"elementor-widget-container\">\n\t\t\t\t\t<div class=\"elementor-image-box-wrapper\"><figure class=\"elementor-image-box-img\"><a href=\"\/fr\/a-propos-de-nous\/rencontrez-lequipe\/\" tabindex=\"-1\"><img decoding=\"async\" width=\"139\" height=\"139\" src=\"https:\/\/www.electro80.be\/wp-content\/uploads\/2022\/01\/meet-the-team.png\" class=\"attachment-full size-full wp-image-5079\" alt=\"Auto van Electro 80\" \/><\/a><\/figure><div class=\"elementor-image-box-content\"><h2 class=\"elementor-image-box-title\"><a href=\"\/fr\/a-propos-de-nous\/rencontrez-lequipe\/\">Rencontrez l'\u00e9quipe <\/a><\/h2><p class=\"elementor-image-box-description\">Les fr\u00e8res Kurt et Bjorn sont entour\u00e9s par plus de 40 experts. En tant qu'\u00e9quipe, nous donnons le meilleur de nous-m\u00eames, jour apr\u00e8s jour ! \nJetez un coup-d\u2019\u0153il sur la vid\u00e9o ci-dessous pour plus d'explications sur notre m\u00e9thode.\n<\/p><\/div><\/div>\t\t\t\t<\/div>\n\t\t\t\t<\/div>\n\t\t\t\t\t<\/div>\n\t\t<\/div>\n\t\t\t\t\t<\/div>\n\t\t<\/section>\n\t\t\t\t<section class=\"elementor-section elementor-top-section elementor-element elementor-element-82436f4 block__content elementor-section-boxed elementor-section-height-default elementor-section-height-default\" data-id=\"82436f4\" data-element_type=\"section\" data-e-type=\"section\">\n\t\t\t\t\t\t<div class=\"elementor-container elementor-column-gap-default\">\n\t\t\t\t\t<div class=\"elementor-column elementor-col-50 elementor-top-column elementor-element elementor-element-40abc0fe block__column--1\" data-id=\"40abc0fe\" data-element_type=\"column\" data-e-type=\"column\">\n\t\t\t<div class=\"elementor-widget-wrap elementor-element-populated\">\n\t\t\t\t\t\t<div class=\"elementor-element elementor-element-59bc59ca elementor-widget elementor-widget-image\" data-id=\"59bc59ca\" data-element_type=\"widget\" data-e-type=\"widget\" data-widget_type=\"image.default\">\n\t\t\t\t<div class=\"elementor-widget-container\">\n\t\t\t\t\t\t\t\t\t\t\t\t\t\t\t<img decoding=\"async\" src=\"https:\/\/www.electro80.be\/wp-content\/uploads\/elementor\/thumbs\/Group-10939-2-pgtxl83mesoyrcxtmuoqjpfpmch4fmwgr4p11azy90.png\" title=\"Group 10939\" alt=\"Team Electro 80\" loading=\"lazy\" \/>\t\t\t\t\t\t\t\t\t\t\t\t\t\t\t<\/div>\n\t\t\t\t<\/div>\n\t\t\t\t\t<\/div>\n\t\t<\/div>\n\t\t\t\t<div class=\"elementor-column elementor-col-50 elementor-top-column elementor-element elementor-element-5a50f867 block__column--2\" data-id=\"5a50f867\" data-element_type=\"column\" data-e-type=\"column\">\n\t\t\t<div class=\"elementor-widget-wrap elementor-element-populated\">\n\t\t\t\t\t\t<div class=\"elementor-element elementor-element-4b26c0a5 elementor-widget elementor-widget-text-editor\" data-id=\"4b26c0a5\" data-element_type=\"widget\" data-e-type=\"widget\" data-widget_type=\"text-editor.default\">\n\t\t\t\t<div class=\"elementor-widget-container\">\n\t\t\t\t\t\t\t\t\t<p>NOS CLIENTS<\/p><h2>Des attentes \u00e9lev\u00e9es\u00a0?<\/h2><p>Nos clients sont exigeants, ce qui nous pousse \u00e0 sortir des sentiers battus. Et cette m\u00e9thode fonctionne. La preuve ? 1 projet sur 2 parvient \u00e0 Electro 80 par voie de bouche-\u00e0-oreille. Et quand les clients sont satisfaits, nous aussi\u00a0!<\/p>\t\t\t\t\t\t\t\t<\/div>\n\t\t\t\t<\/div>\n\t\t\t\t\t<\/div>\n\t\t<\/div>\n\t\t\t\t\t<\/div>\n\t\t<\/section>\n\t\t\t\t<section class=\"elementor-section elementor-top-section elementor-element elementor-element-11738fae elementor-section-full_width elementor-section-height-default elementor-section-height-default\" data-id=\"11738fae\" data-element_type=\"section\" data-e-type=\"section\">\n\t\t\t\t\t\t<div class=\"elementor-container elementor-column-gap-default\">\n\t\t\t\t\t<div class=\"elementor-column elementor-col-100 elementor-top-column elementor-element elementor-element-167778aa\" data-id=\"167778aa\" data-element_type=\"column\" data-e-type=\"column\" data-settings=\"{&quot;background_background&quot;:&quot;classic&quot;}\">\n\t\t\t<div class=\"elementor-widget-wrap elementor-element-populated\">\n\t\t\t\t\t\t<div class=\"elementor-element elementor-element-725f37ca elementor-widget elementor-widget-text-editor\" data-id=\"725f37ca\" data-element_type=\"widget\" data-e-type=\"widget\" data-widget_type=\"text-editor.default\">\n\t\t\t\t<div class=\"elementor-widget-container\">\n\t\t\t\t\t\t\t\t\t<h2 style=\"text-align: center;\"><span style=\"color: #ffffff;\">Pourrons-nous satisfaire vos attentes ? Nous en sommes d&rsquo;ores et d\u00e9j\u00e0 convaincus !<\/span><\/h2>\t\t\t\t\t\t\t\t<\/div>\n\t\t\t\t<\/div>\n\t\t\t\t<div class=\"elementor-element elementor-element-4b273b27 elementor-align-center elementor-widget elementor-widget-button\" data-id=\"4b273b27\" data-element_type=\"widget\" data-e-type=\"widget\" data-widget_type=\"button.default\">\n\t\t\t\t<div class=\"elementor-widget-container\">\n\t\t\t\t\t\t\t\t\t<div class=\"elementor-button-wrapper\">\n\t\t\t\t\t<a class=\"elementor-button elementor-button-link elementor-size-md\" href=\"\/fr\/contact\/\">\n\t\t\t\t\t\t<span class=\"elementor-button-content-wrapper\">\n\t\t\t\t\t\t<span class=\"elementor-button-icon\">\n\t\t\t\t<i aria-hidden=\"true\" class=\"fas fa-angle-right\"><\/i>\t\t\t<\/span>\n\t\t\t\t\t\t\t\t\t<span class=\"elementor-button-text\">Contactez-nous<\/span>\n\t\t\t\t\t<\/span>\n\t\t\t\t\t<\/a>\n\t\t\t\t<\/div>\n\t\t\t\t\t\t\t\t<\/div>\n\t\t\t\t<\/div>\n\t\t\t\t\t<\/div>\n\t\t<\/div>\n\t\t\t\t\t<\/div>\n\t\t<\/section>\n\t\t\t\t<\/div>\n\t\t","protected":false},"excerpt":{"rendered":"<p>\u00c0 PROPOS DE NOUS La r\u00e9f\u00e9rence pour les installations \u00e9lectriques Depuis plus de 40 ans d\u00e9j\u00e0, notre entreprise familiale est synonyme d&rsquo;installations \u00e9lectriques durables et de qualit\u00e9. Ensemble, nous recherchons la meilleure solution au regard de votre situation. Notre point de d\u00e9part\u00a0? Votre besoin. Le r\u00e9sultat final\u00a0? Une solution sur mesure, enti\u00e8rement adapt\u00e9e \u00e0 votre [&hellip;]<\/p>\n","protected":false},"author":1,"featured_media":0,"parent":0,"menu_order":0,"comment_status":"closed","ping_status":"closed","template":"elementor_header_footer","meta":{"ocean_post_layout":"","ocean_both_sidebars_style":"","ocean_both_sidebars_content_width":0,"ocean_both_sidebars_sidebars_width":0,"ocean_sidebar":"","ocean_second_sidebar":"","ocean_disable_margins":"enable","ocean_add_body_class":"","ocean_shortcode_before_top_bar":"","ocean_shortcode_after_top_bar":"","ocean_shortcode_before_header":"","ocean_shortcode_after_header":"","ocean_has_shortcode":"","ocean_shortcode_after_title":"","ocean_shortcode_before_footer_widgets":"","ocean_shortcode_after_footer_widgets":"","ocean_shortcode_before_footer_bottom":"","ocean_shortcode_after_footer_bottom":"","ocean_display_top_bar":"default","ocean_display_header":"default","ocean_header_style":"","ocean_center_header_left_menu":"","ocean_custom_header_template":"","ocean_custom_logo":0,"ocean_custom_retina_logo":0,"ocean_custom_logo_max_width":0,"ocean_custom_logo_tablet_max_width":0,"ocean_custom_logo_mobile_max_width":0,"ocean_custom_logo_max_height":0,"ocean_custom_logo_tablet_max_height":0,"ocean_custom_logo_mobile_max_height":0,"ocean_header_custom_menu":"","ocean_menu_typo_font_family":"","ocean_menu_typo_font_subset":"","ocean_menu_typo_font_size":0,"ocean_menu_typo_font_size_tablet":0,"ocean_menu_typo_font_size_mobile":0,"ocean_menu_typo_font_size_unit":"px","ocean_menu_typo_font_weight":"","ocean_menu_typo_font_weight_tablet":"","ocean_menu_typo_font_weight_mobile":"","ocean_menu_typo_transform":"","ocean_menu_typo_transform_tablet":"","ocean_menu_typo_transform_mobile":"","ocean_menu_typo_line_height":0,"ocean_menu_typo_line_height_tablet":0,"ocean_menu_typo_line_height_mobile":0,"ocean_menu_typo_line_height_unit":"","ocean_menu_typo_spacing":0,"ocean_menu_typo_spacing_tablet":0,"ocean_menu_typo_spacing_mobile":0,"ocean_menu_typo_spacing_unit":"","ocean_menu_link_color":"","ocean_menu_link_color_hover":"","ocean_menu_link_color_active":"","ocean_menu_link_background":"","ocean_menu_link_hover_background":"","ocean_menu_link_active_background":"","ocean_menu_social_links_bg":"","ocean_menu_social_hover_links_bg":"","ocean_menu_social_links_color":"","ocean_menu_social_hover_links_color":"","ocean_disable_title":"default","ocean_disable_heading":"default","ocean_post_title":"","ocean_post_subheading":"","ocean_post_title_style":"","ocean_post_title_background_color":"","ocean_post_title_background":0,"ocean_post_title_bg_image_position":"","ocean_post_title_bg_image_attachment":"","ocean_post_title_bg_image_repeat":"","ocean_post_title_bg_image_size":"","ocean_post_title_height":0,"ocean_post_title_bg_overlay":0.5,"ocean_post_title_bg_overlay_color":"","ocean_disable_breadcrumbs":"default","ocean_breadcrumbs_color":"","ocean_breadcrumbs_separator_color":"","ocean_breadcrumbs_links_color":"","ocean_breadcrumbs_links_hover_color":"","ocean_display_footer_widgets":"default","ocean_display_footer_bottom":"default","ocean_custom_footer_template":"","footnotes":""},"class_list":["post-3330","page","type-page","status-publish","hentry","entry"],"yoast_head":"<!-- This site is optimized with the Yoast SEO plugin v27.4 - https:\/\/yoast.com\/product\/yoast-seo-wordpress\/ -->\n<title>\u00c0 propos de nous - Electro80<\/title>\n<meta name=\"robots\" content=\"index, follow, max-snippet:-1, max-image-preview:large, max-video-preview:-1\" \/>\n<link rel=\"canonical\" href=\"https:\/\/www.electro80.be\/fr\/a-propos-de-nous\/\" \/>\n<meta property=\"og:locale\" content=\"fr_FR\" \/>\n<meta property=\"og:type\" content=\"article\" \/>\n<meta property=\"og:title\" content=\"\u00c0 propos de nous - Electro80\" \/>\n<meta property=\"og:description\" content=\"\u00c0 PROPOS DE NOUS La r\u00e9f\u00e9rence pour les installations \u00e9lectriques Depuis plus de 40 ans d\u00e9j\u00e0, notre entreprise familiale est synonyme d&rsquo;installations \u00e9lectriques durables et de qualit\u00e9. Ensemble, nous recherchons la meilleure solution au regard de votre situation. Notre point de d\u00e9part\u00a0? Votre besoin. Le r\u00e9sultat final\u00a0? Une solution sur mesure, enti\u00e8rement adapt\u00e9e \u00e0 votre [&hellip;]\" \/>\n<meta property=\"og:url\" content=\"https:\/\/www.electro80.be\/fr\/a-propos-de-nous\/\" \/>\n<meta property=\"og:site_name\" content=\"Electro80\" \/>\n<meta property=\"article:modified_time\" content=\"2022-03-07T14:38:41+00:00\" \/>\n<meta property=\"og:image\" content=\"https:\/\/www.electro80.be\/wp-content\/uploads\/2021\/05\/18.png\" \/>\n<meta name=\"twitter:card\" content=\"summary_large_image\" \/>\n<meta name=\"twitter:label1\" content=\"Dur\u00e9e de lecture estim\u00e9e\" \/>\n\t<meta name=\"twitter:data1\" content=\"2 minutes\" \/>\n<script type=\"application\/ld+json\" class=\"yoast-schema-graph\">{\"@context\":\"https:\\\/\\\/schema.org\",\"@graph\":[{\"@type\":\"WebPage\",\"@id\":\"https:\\\/\\\/www.electro80.be\\\/fr\\\/a-propos-de-nous\\\/\",\"url\":\"https:\\\/\\\/www.electro80.be\\\/fr\\\/a-propos-de-nous\\\/\",\"name\":\"\u00c0 propos de nous - Electro80\",\"isPartOf\":{\"@id\":\"https:\\\/\\\/www.electro80.be\\\/#website\"},\"primaryImageOfPage\":{\"@id\":\"https:\\\/\\\/www.electro80.be\\\/fr\\\/a-propos-de-nous\\\/#primaryimage\"},\"image\":{\"@id\":\"https:\\\/\\\/www.electro80.be\\\/fr\\\/a-propos-de-nous\\\/#primaryimage\"},\"thumbnailUrl\":\"https:\\\/\\\/www.electro80.be\\\/wp-content\\\/uploads\\\/2021\\\/05\\\/18.png\",\"datePublished\":\"2021-05-06T11:34:24+00:00\",\"dateModified\":\"2022-03-07T14:38:41+00:00\",\"breadcrumb\":{\"@id\":\"https:\\\/\\\/www.electro80.be\\\/fr\\\/a-propos-de-nous\\\/#breadcrumb\"},\"inLanguage\":\"fr-FR\",\"potentialAction\":[{\"@type\":\"ReadAction\",\"target\":[\"https:\\\/\\\/www.electro80.be\\\/fr\\\/a-propos-de-nous\\\/\"]}]},{\"@type\":\"ImageObject\",\"inLanguage\":\"fr-FR\",\"@id\":\"https:\\\/\\\/www.electro80.be\\\/fr\\\/a-propos-de-nous\\\/#primaryimage\",\"url\":\"https:\\\/\\\/www.electro80.be\\\/wp-content\\\/uploads\\\/2021\\\/05\\\/18.png\",\"contentUrl\":\"https:\\\/\\\/www.electro80.be\\\/wp-content\\\/uploads\\\/2021\\\/05\\\/18.png\"},{\"@type\":\"BreadcrumbList\",\"@id\":\"https:\\\/\\\/www.electro80.be\\\/fr\\\/a-propos-de-nous\\\/#breadcrumb\",\"itemListElement\":[{\"@type\":\"ListItem\",\"position\":1,\"name\":\"Home\",\"item\":\"https:\\\/\\\/www.electro80.be\\\/fr\\\/\"},{\"@type\":\"ListItem\",\"position\":2,\"name\":\"\u00c0 propos de nous\"}]},{\"@type\":\"WebSite\",\"@id\":\"https:\\\/\\\/www.electro80.be\\\/#website\",\"url\":\"https:\\\/\\\/www.electro80.be\\\/\",\"name\":\"Electro80\",\"description\":\"Stroomoplossing op maat\",\"publisher\":{\"@id\":\"https:\\\/\\\/www.electro80.be\\\/#organization\"},\"potentialAction\":[{\"@type\":\"SearchAction\",\"target\":{\"@type\":\"EntryPoint\",\"urlTemplate\":\"https:\\\/\\\/www.electro80.be\\\/?s={search_term_string}\"},\"query-input\":{\"@type\":\"PropertyValueSpecification\",\"valueRequired\":true,\"valueName\":\"search_term_string\"}}],\"inLanguage\":\"fr-FR\"},{\"@type\":\"Organization\",\"@id\":\"https:\\\/\\\/www.electro80.be\\\/#organization\",\"name\":\"Electro80\",\"url\":\"https:\\\/\\\/www.electro80.be\\\/\",\"logo\":{\"@type\":\"ImageObject\",\"inLanguage\":\"fr-FR\",\"@id\":\"https:\\\/\\\/www.electro80.be\\\/#\\\/schema\\\/logo\\\/image\\\/\",\"url\":\"https:\\\/\\\/www.electro80.be\\\/wp-content\\\/uploads\\\/2021\\\/04\\\/cropped-cropped-logo.png\",\"contentUrl\":\"https:\\\/\\\/www.electro80.be\\\/wp-content\\\/uploads\\\/2021\\\/04\\\/cropped-cropped-logo.png\",\"width\":1032,\"height\":296,\"caption\":\"Electro80\"},\"image\":{\"@id\":\"https:\\\/\\\/www.electro80.be\\\/#\\\/schema\\\/logo\\\/image\\\/\"}}]}<\/script>\n<!-- \/ Yoast SEO plugin. -->","yoast_head_json":{"title":"\u00c0 propos de nous - Electro80","robots":{"index":"index","follow":"follow","max-snippet":"max-snippet:-1","max-image-preview":"max-image-preview:large","max-video-preview":"max-video-preview:-1"},"canonical":"https:\/\/www.electro80.be\/fr\/a-propos-de-nous\/","og_locale":"fr_FR","og_type":"article","og_title":"\u00c0 propos de nous - Electro80","og_description":"\u00c0 PROPOS DE NOUS La r\u00e9f\u00e9rence pour les installations \u00e9lectriques Depuis plus de 40 ans d\u00e9j\u00e0, notre entreprise familiale est synonyme d&rsquo;installations \u00e9lectriques durables et de qualit\u00e9. Ensemble, nous recherchons la meilleure solution au regard de votre situation. Notre point de d\u00e9part\u00a0? Votre besoin. Le r\u00e9sultat final\u00a0? Une solution sur mesure, enti\u00e8rement adapt\u00e9e \u00e0 votre [&hellip;]","og_url":"https:\/\/www.electro80.be\/fr\/a-propos-de-nous\/","og_site_name":"Electro80","article_modified_time":"2022-03-07T14:38:41+00:00","og_image":[{"url":"https:\/\/www.electro80.be\/wp-content\/uploads\/2021\/05\/18.png","type":"","width":"","height":""}],"twitter_card":"summary_large_image","twitter_misc":{"Dur\u00e9e de lecture estim\u00e9e":"2 minutes"},"schema":{"@context":"https:\/\/schema.org","@graph":[{"@type":"WebPage","@id":"https:\/\/www.electro80.be\/fr\/a-propos-de-nous\/","url":"https:\/\/www.electro80.be\/fr\/a-propos-de-nous\/","name":"\u00c0 propos de nous - Electro80","isPartOf":{"@id":"https:\/\/www.electro80.be\/#website"},"primaryImageOfPage":{"@id":"https:\/\/www.electro80.be\/fr\/a-propos-de-nous\/#primaryimage"},"image":{"@id":"https:\/\/www.electro80.be\/fr\/a-propos-de-nous\/#primaryimage"},"thumbnailUrl":"https:\/\/www.electro80.be\/wp-content\/uploads\/2021\/05\/18.png","datePublished":"2021-05-06T11:34:24+00:00","dateModified":"2022-03-07T14:38:41+00:00","breadcrumb":{"@id":"https:\/\/www.electro80.be\/fr\/a-propos-de-nous\/#breadcrumb"},"inLanguage":"fr-FR","potentialAction":[{"@type":"ReadAction","target":["https:\/\/www.electro80.be\/fr\/a-propos-de-nous\/"]}]},{"@type":"ImageObject","inLanguage":"fr-FR","@id":"https:\/\/www.electro80.be\/fr\/a-propos-de-nous\/#primaryimage","url":"https:\/\/www.electro80.be\/wp-content\/uploads\/2021\/05\/18.png","contentUrl":"https:\/\/www.electro80.be\/wp-content\/uploads\/2021\/05\/18.png"},{"@type":"BreadcrumbList","@id":"https:\/\/www.electro80.be\/fr\/a-propos-de-nous\/#breadcrumb","itemListElement":[{"@type":"ListItem","position":1,"name":"Home","item":"https:\/\/www.electro80.be\/fr\/"},{"@type":"ListItem","position":2,"name":"\u00c0 propos de nous"}]},{"@type":"WebSite","@id":"https:\/\/www.electro80.be\/#website","url":"https:\/\/www.electro80.be\/","name":"Electro80","description":"Stroomoplossing op maat","publisher":{"@id":"https:\/\/www.electro80.be\/#organization"},"potentialAction":[{"@type":"SearchAction","target":{"@type":"EntryPoint","urlTemplate":"https:\/\/www.electro80.be\/?s={search_term_string}"},"query-input":{"@type":"PropertyValueSpecification","valueRequired":true,"valueName":"search_term_string"}}],"inLanguage":"fr-FR"},{"@type":"Organization","@id":"https:\/\/www.electro80.be\/#organization","name":"Electro80","url":"https:\/\/www.electro80.be\/","logo":{"@type":"ImageObject","inLanguage":"fr-FR","@id":"https:\/\/www.electro80.be\/#\/schema\/logo\/image\/","url":"https:\/\/www.electro80.be\/wp-content\/uploads\/2021\/04\/cropped-cropped-logo.png","contentUrl":"https:\/\/www.electro80.be\/wp-content\/uploads\/2021\/04\/cropped-cropped-logo.png","width":1032,"height":296,"caption":"Electro80"},"image":{"@id":"https:\/\/www.electro80.be\/#\/schema\/logo\/image\/"}}]}},"_links":{"self":[{"href":"https:\/\/www.electro80.be\/fr\/wp-json\/wp\/v2\/pages\/3330","targetHints":{"allow":["GET"]}}],"collection":[{"href":"https:\/\/www.electro80.be\/fr\/wp-json\/wp\/v2\/pages"}],"about":[{"href":"https:\/\/www.electro80.be\/fr\/wp-json\/wp\/v2\/types\/page"}],"author":[{"embeddable":true,"href":"https:\/\/www.electro80.be\/fr\/wp-json\/wp\/v2\/users\/1"}],"replies":[{"embeddable":true,"href":"https:\/\/www.electro80.be\/fr\/wp-json\/wp\/v2\/comments?post=3330"}],"version-history":[{"count":46,"href":"https:\/\/www.electro80.be\/fr\/wp-json\/wp\/v2\/pages\/3330\/revisions"}],"predecessor-version":[{"id":5649,"href":"https:\/\/www.electro80.be\/fr\/wp-json\/wp\/v2\/pages\/3330\/revisions\/5649"}],"wp:attachment":[{"href":"https:\/\/www.electro80.be\/fr\/wp-json\/wp\/v2\/media?parent=3330"}],"curies":[{"name":"wp","href":"https:\/\/api.w.org\/{rel}","templated":true}]}}